{"id":8301,"date":"2020-11-16T20:37:44","date_gmt":"2020-11-16T19:37:44","guid":{"rendered":"https:\/\/akasel.com\/dealers\/asia\/"},"modified":"2025-11-05T09:42:03","modified_gmt":"2025-11-05T08:42:03","slug":"asia","status":"publish","type":"page","link":"https:\/\/akasel.com\/us\/dealers\/asia\/","title":{"rendered":"Asia"},"content":{"rendered":"<h2>Azerbaijan<\/h2>\n<h4>Mikrotest End\u00fcstri Cihazlar\u0131 Pazarlama Sanayi ve Ticaret Ltd. \u015eti<\/h4>\n<p>Yal\u0131 Mah.Mare\u015fal Fevzi \u00c7akmak Cad.No:50\/25, 34844 Maltepe\u2011\u0130stanbul<\/p>\n<p><a href=\"https:\/\/www.mikrotest.com.tr\/iletisim\/\" target=\"_blank\" rel=\"noreferrer noopener\">http:\/\/www.mikrotest.com.tr<\/a><\/p>\n<p>Email: <a href=\"mailto:info@mikrotest.com.tr\">info@mikrotest.com.tr<\/a><\/p>\n<p>Phone: +90\u00a0216\u00a0577\u00a06909<\/p>\n<h2>India<\/h2>\n<h4>Unitron Instrumentation Technology Pvt. Ltd.<\/h4>\n<p>No.\u00a0127\/34,\u00a07th\u00a0Cross,\u00a04th\u00a0Main,\u00a0Wilson\u00a0Garden,\u00a0Bangalore\u00a0\u2013\u00a0560\u00a0027<\/p>\n<p><a href=\"https:\/\/unitron.in\/\" target=\"_blank\" rel=\"noreferrer noopener\">https:\/\/unitron.in\/<\/a><\/p>\n<h2>Kyrgyzstan<\/h2>\n<h4>Mikrotest End\u00fcstri Cihazlar\u0131 Pazarlama Sanayi ve Ticaret Ltd. \u015eti<\/h4>\n<p>Yal\u0131 Mah.Mare\u015fal Fevzi \u00c7akmak Cad.No:50\/25,\u00a034844\u00a0Maltepe\u2011\u0130stanbul<\/p>\n<p><a href=\"https:\/\/www.mikrotest.com.tr\/iletisim\/\" target=\"_blank\" rel=\"noreferrer noopener\">http:\/\/www.mikrotest.com.tr<\/a><\/p>\n<p>Email: <a href=\"mailto:info@mikrotest.com.tr\">info@mikrotest.com.tr<\/a><\/p>\n<p>Phone: +90\u00a0216\u00a0577\u00a06909<\/p>\n<h2>Japan<\/h2>\n<h4>Nihon Metallo K.K.<\/h4>\n<p>509\u201122\u00a0Jiyugaoka,\u00a0300\u20111266\u00a0Tsukuba\u2011shi,\u00a0Japan<\/p>\n<p><a href=\"https:\/\/nihon-metallo.co.jp\" target=\"_blank\" rel=\"noreferrer noopener\">https:\/\/nihon-metallo.co.jp<\/a><\/p>\n<h2>Malaysia<\/h2>\n<h4>MSP Metrology<\/h4>\n<p>10,\u00a0Jalan\u00a0Gemilang\u00a09,\u00a0Taman\u00a0Perindustrian\u00a0Cemerlang,\u00a081800\u00a0Ulu\u00a0Tiram,\u00a0Johor,\u00a0Malaysia<\/p>\n<p><a href=\"https:\/\/mspmetrology.com\/contact\/\" target=\"_blank\" rel=\"noreferrer noopener\">www.mspmetrology.com<\/a><\/p>\n<h2>P.R.\u00a0China<\/h2>\n<div>\n<div><strong>\u5317\u4eac\u91d1\u79d1\u667a\u9020<\/strong><\/div>\n<\/div>\n<p>Beijing Met\u2011tech Intelligent Manufacturing Technology Development Co., Lt<\/p>\n<p>Room\u00a0518,\u00a05th\u00a0Floor,\u00a0Building\u00a016,\u00a0Shui&#8217;an\u00a0South\u00a0Street,\u00a0Chaoyang\u00a0District,\u00a0Beijing<\/p>\n<p><a href=\"mailto:sales@met-tech.cn\" target=\"_blank\" rel=\"noopener\">sales@met-tech.cn<\/a><br \/>\n<a href=\"mailto:info@met-tech.cn\" target=\"_blank\" rel=\"noopener\">info@met-tech.cn<\/a><\/p>\n<p><a href=\"tel:+861061590150\">+86\u00a010\u00a061590150<\/a><br \/>\n<a href=\"http:\/\/www.met-tech.cn\/\" target=\"_blank\" rel=\"noopener\">www.met-tech.cn<\/a><\/p>\n<h2>Singapore<\/h2>\n<h4>MSP Metrology<\/h4>\n<p>10,\u00a0Jalan\u00a0Gemilang\u00a09,\u00a0Taman\u00a0Perindustrian\u00a0Cemerlang,<br \/>\n81800\u00a0Ulu\u00a0Tiram,\u00a0Johor,\u00a0Malaysia<\/p>\n<p><a href=\"https:\/\/mspmetrology.com\/contact\/\" target=\"_blank\" rel=\"noreferrer noopener\">www.mspmetrology.com<\/a><\/p>\n<h2>South Korea<\/h2>\n<h4>JL Trading Co.<\/h4>\n<p>522,\u00a0Kwangyang\u00a0Frontiervalley3\u00a030,\u00a0Gaseok\u2011ro,\u00a0Seo\u2011gu<\/p>\n<p><a href=\"http:\/\/www.jltrading.co.kr\/113\" target=\"_blank\" rel=\"noreferrer noopener\">http:\/\/www.akaselkorea.co.kr<\/a><\/p>\n<p>Email: <a href=\"mailto:Sales@akaselkorea.co.kr\">Sales@akaselkorea.co.kr<\/a><\/p>\n<p>Phone: (82)\u2011032\u2011290\u20116300<br \/>\nFax: (82)\u2011032\u2011290\u20116301<\/p>\n<h2>Tajikistan<\/h2>\n<h4>Mikrotest End\u00fcstri Cihazlar\u0131 Pazarlama Sanayi ve Ticaret Ltd. \u015eti<\/h4>\n<p>Yal\u0131 Mah.Mare\u015fal Fevzi \u00c7akmak Cad.No:50\/25,\u00a034844\u00a0Maltepe\u2011\u0130stanbul<\/p>\n<p><a href=\"https:\/\/www.mikrotest.com.tr\/iletisim\/\" target=\"_blank\" rel=\"noreferrer noopener\">http:\/\/www.mikrotest.com.tr<\/a><\/p>\n<p>Email: <a href=\"mailto:info@mikrotest.com.tr\">info@mikrotest.com.tr<\/a><\/p>\n<p>Phone: +90\u00a0216\u00a0577\u00a06909<\/p>\n<h2>Thailand<\/h2>\n<h4>Testing Instrument Co., Ltd<\/h4>\n<p>107,\u00a0109\u00a0Chan\u00a0Kao\u00a0Road,\u00a0Chongnonsee,\u00a0Yannawa,\u00a0Bangkok\u00a010120<br \/>\n<a href=\"https:\/\/www.testinginstrument.com\" target=\"_blank\" rel=\"noreferrer noopener\">www.testinginstrument.com<\/a><br \/>\nEmail: <a href=\"mailto:instru@testinginstrument.com\" target=\"_blank\" rel=\"noopener\">instru@testinginstrument.com<\/a><br \/>\nPhone: 080-631-4136, 095-380-1955<\/p>\n<h2>Turkmenistan<\/h2>\n<h4>Mikrotest End\u00fcstri Cihazlar\u0131 Pazarlama Sanayi ve Ticaret Ltd. \u015eti<\/h4>\n<p>Yal\u0131 Mah.Mare\u015fal Fevzi \u00c7akmak Cad.No:50\/25,\u00a034844\u00a0Maltepe\u2011\u0130stanbul<\/p>\n<p><a href=\"https:\/\/www.mikrotest.com.tr\/iletisim\/\" target=\"_blank\" rel=\"noreferrer noopener\">http:\/\/www.mikrotest.com.tr<\/a><\/p>\n<p>Email: <a href=\"mailto:info@mikrotest.com.tr\">info@mikrotest.com.tr<\/a><\/p>\n<p>Phone: +90\u00a0216\u00a0577\u00a06909<\/p>\n<h2>Vietnam<\/h2>\n<h4>BSCS TE Vietnam Co. Ltd.<\/h4>\n<p>No\u00a0233,\u00a0TamTrinh\u00a0Str.,\u00a0HoangMai\u00a0Dist.,\u00a010000\u00a0Hanoi\u00a0City<\/p>\n<p><a href=\"http:\/\/www.bscsvn.com\">http:\/\/www.bscsvn.com<\/a><\/p>\n","protected":false},"excerpt":{"rendered":"<p>Azerbaijan Mikrotest End\u00fcstri Cihazlar\u0131 Pazarlama Sanayi ve Ticaret Ltd. \u015eti Yal\u0131 Mah.Mare\u015fal Fevzi \u00c7akmak Cad.No:50\/25, 34844 Maltepe\u2011\u0130stanbul http:\/\/www.mikrotest.com.tr Email: info@mikrotest.com.tr&#8230;<\/p>\n","protected":false},"author":1,"featured_media":0,"parent":8116,"menu_order":0,"comment_status":"closed","ping_status":"open","template":"","meta":{"footnotes":""},"class_list":["post-8301","page","type-page","status-publish","hentry"],"acf":[],"yoast_head":"<!-- This site is optimized with the Yoast SEO plugin v21.7 - https:\/\/yoast.com\/wordpress\/plugins\/seo\/ -->\n<title>Find Akasel Distributors in Asia | Contact for Support<\/title>\n<meta name=\"description\" content=\"Locate Akasel distributors in Asia for expert support on metallographic products. Contact your local representative for assistance and product information.\" \/>\n<meta name=\"robots\" content=\"index, follow, max-snippet:-1, max-image-preview:large, max-video-preview:-1\" \/>\n<link rel=\"canonical\" href=\"https:\/\/akasel.com\/us\/dealers\/asia\/\" \/>\n<meta property=\"og:locale\" content=\"en_US\" \/>\n<meta property=\"og:type\" content=\"article\" \/>\n<meta property=\"og:title\" content=\"Find Akasel Distributors in Asia | Contact for Support\" \/>\n<meta property=\"og:description\" content=\"Locate Akasel distributors in Asia for expert support on metallographic products. Contact your local representative for assistance and product information.\" \/>\n<meta property=\"og:url\" content=\"https:\/\/akasel.com\/us\/dealers\/asia\/\" \/>\n<meta property=\"og:site_name\" content=\"AKASEL A\/S\" \/>\n<meta property=\"article:modified_time\" content=\"2025-11-05T08:42:03+00:00\" \/>\n<meta name=\"twitter:card\" content=\"summary_large_image\" \/>\n<meta name=\"twitter:label1\" content=\"Est. reading time\" \/>\n\t<meta name=\"twitter:data1\" content=\"2 minutes\" \/>\n<!-- \/ Yoast SEO plugin. -->","yoast_head_json":{"title":"Find Akasel Distributors in Asia | Contact for Support","description":"Locate Akasel distributors in Asia for expert support on metallographic products. Contact your local representative for assistance and product information.","robots":{"index":"index","follow":"follow","max-snippet":"max-snippet:-1","max-image-preview":"max-image-preview:large","max-video-preview":"max-video-preview:-1"},"canonical":"https:\/\/akasel.com\/us\/dealers\/asia\/","og_locale":"en_US","og_type":"article","og_title":"Find Akasel Distributors in Asia | Contact for Support","og_description":"Locate Akasel distributors in Asia for expert support on metallographic products. Contact your local representative for assistance and product information.","og_url":"https:\/\/akasel.com\/us\/dealers\/asia\/","og_site_name":"AKASEL A\/S","article_modified_time":"2025-11-05T08:42:03+00:00","twitter_card":"summary_large_image","twitter_misc":{"Est. reading time":"2 minutes"},"schema":{"@context":"https:\/\/schema.org","@graph":[{"@type":"WebPage","@id":"https:\/\/akasel.com\/us\/dealers\/asia\/","url":"https:\/\/akasel.com\/us\/dealers\/asia\/","name":"Find Akasel Distributors in Asia | Contact for Support","isPartOf":{"@id":"https:\/\/akasel.com\/us\/#website"},"datePublished":"2020-11-16T19:37:44+00:00","dateModified":"2025-11-05T08:42:03+00:00","description":"Locate Akasel distributors in Asia for expert support on metallographic products. Contact your local representative for assistance and product information.","breadcrumb":{"@id":"https:\/\/akasel.com\/us\/dealers\/asia\/#breadcrumb"},"inLanguage":"en-US","potentialAction":[{"@type":"ReadAction","target":["https:\/\/akasel.com\/us\/dealers\/asia\/"]}]},{"@type":"BreadcrumbList","@id":"https:\/\/akasel.com\/us\/dealers\/asia\/#breadcrumb","itemListElement":[{"@type":"ListItem","position":1,"name":"Home","item":"https:\/\/akasel.com\/us\/"},{"@type":"ListItem","position":2,"name":"Distributors","item":"https:\/\/akasel.com\/us\/dealers\/"},{"@type":"ListItem","position":3,"name":"Asia"}]},{"@type":"WebSite","@id":"https:\/\/akasel.com\/us\/#website","url":"https:\/\/akasel.com\/us\/","name":"AKASEL A\/S","description":"","potentialAction":[{"@type":"SearchAction","target":{"@type":"EntryPoint","urlTemplate":"https:\/\/akasel.com\/us\/?s={search_term_string}"},"query-input":"required name=search_term_string"}],"inLanguage":"en-US"}]}},"_links":{"self":[{"href":"https:\/\/akasel.com\/us\/wp-json\/wp\/v2\/pages\/8301"}],"collection":[{"href":"https:\/\/akasel.com\/us\/wp-json\/wp\/v2\/pages"}],"about":[{"href":"https:\/\/akasel.com\/us\/wp-json\/wp\/v2\/types\/page"}],"author":[{"embeddable":true,"href":"https:\/\/akasel.com\/us\/wp-json\/wp\/v2\/users\/1"}],"replies":[{"embeddable":true,"href":"https:\/\/akasel.com\/us\/wp-json\/wp\/v2\/comments?post=8301"}],"version-history":[{"count":16,"href":"https:\/\/akasel.com\/us\/wp-json\/wp\/v2\/pages\/8301\/revisions"}],"predecessor-version":[{"id":12602,"href":"https:\/\/akasel.com\/us\/wp-json\/wp\/v2\/pages\/8301\/revisions\/12602"}],"up":[{"embeddable":true,"href":"https:\/\/akasel.com\/us\/wp-json\/wp\/v2\/pages\/8116"}],"wp:attachment":[{"href":"https:\/\/akasel.com\/us\/wp-json\/wp\/v2\/media?parent=8301"}],"curies":[{"name":"wp","href":"https:\/\/api.w.org\/{rel}","templated":true}]}}