{"id":8300,"date":"2020-11-16T20:36:23","date_gmt":"2020-11-16T19:36:23","guid":{"rendered":"https:\/\/akasel.com\/dealers\/america\/"},"modified":"2025-09-26T07:55:16","modified_gmt":"2025-09-26T05:55:16","slug":"america","status":"publish","type":"page","link":"https:\/\/akasel.com\/zh-hans\/dealers\/america\/","title":{"rendered":"America"},"content":{"rendered":"<h2>Brazil<\/h2>\n<h4>Teknik Comercio, Importa\u00e7\u00e3o e Exporta\u00e7\u00e3o EIRELI<\/h4>\n<p>Email:\u00a0<a href=\"mailto:info@teknikmetalografia.com.br\" target=\"_blank\" rel=\"noreferrer noopener\">info@teknikmetalografia.com.br<\/a><br \/>\nPhone:\u00a0+55 11 2501.7499<\/p>\n<h2>Mexico<\/h2>\n<h4>MESA TEM &amp; ATMEX<\/h4>\n<p>Blvd. las Am\u00e9ricas #714, Andrade, 37020 Le\u00f3n, Gto.<br \/>\n<a href=\"https:\/\/mesatem.com\/\" target=\"_blank\" rel=\"noreferrer noopener\" data-type=\"URL\" data-id=\"http:\/\/www.eutktoid.com\/contacto\">www.mesatem.com<\/a><\/p>\n<h2>USA<\/h2>\n<h4>Advanced Met Services<\/h4>\n<p>539 W. Commerce #1018, Dallas, Texas 75208<br \/>\n<a href=\"https:\/\/advancedmets.com\/contact\/\" target=\"_blank\" rel=\"noreferrer noopener\" data-type=\"URL\" data-id=\"https:\/\/advancedmets.com\/contact\/\">www.advancedmets.com<\/a><br \/>\nEmail:\u00a0<a href=\"mailto:sales@advancedmets.com\" target=\"_blank\" rel=\"noreferrer noopener\">sales@advancedmets.com<\/a><br \/>\nPhone: +1 817-771-2908<\/p>\n","protected":false},"excerpt":{"rendered":"<p>Brazil Teknik Comerc&#8230;<\/p>\n","protected":false},"author":1,"featured_media":0,"parent":8116,"menu_order":0,"comment_status":"closed","ping_status":"open","template":"","meta":{"footnotes":""},"class_list":["post-8300","page","type-page","status-publish","hentry"],"acf":[],"yoast_head":"<!-- This site is optimized with the Yoast SEO plugin v21.7 - https:\/\/yoast.com\/wordpress\/plugins\/seo\/ -->\n<title>America - AKASEL A\/S<\/title>\n<meta name=\"robots\" content=\"index, follow, max-snippet:-1, max-image-preview:large, max-video-preview:-1\" \/>\n<link rel=\"canonical\" href=\"https:\/\/akasel.com\/zh-hans\/dealers\/america\/\" \/>\n<meta property=\"og:locale\" content=\"zh_CN\" \/>\n<meta property=\"og:type\" content=\"article\" \/>\n<meta property=\"og:title\" content=\"America - AKASEL A\/S\" \/>\n<meta property=\"og:description\" content=\"Brazil Teknik Comerc...\" \/>\n<meta property=\"og:url\" content=\"https:\/\/akasel.com\/zh-hans\/dealers\/america\/\" \/>\n<meta property=\"og:site_name\" content=\"AKASEL A\/S\" \/>\n<meta property=\"article:modified_time\" content=\"2025-09-26T05:55:16+00:00\" \/>\n<meta name=\"twitter:card\" content=\"summary_large_image\" \/>\n<meta name=\"twitter:label1\" content=\"\u9884\u8ba1\u9605\u8bfb\u65f6\u95f4\" \/>\n\t<meta name=\"twitter:data1\" content=\"1 \u5206\" \/>\n<!-- \/ Yoast SEO plugin. -->","yoast_head_json":{"title":"America - AKASEL A\/S","robots":{"index":"index","follow":"follow","max-snippet":"max-snippet:-1","max-image-preview":"max-image-preview:large","max-video-preview":"max-video-preview:-1"},"canonical":"https:\/\/akasel.com\/zh-hans\/dealers\/america\/","og_locale":"zh_CN","og_type":"article","og_title":"America - AKASEL A\/S","og_description":"Brazil Teknik Comerc...","og_url":"https:\/\/akasel.com\/zh-hans\/dealers\/america\/","og_site_name":"AKASEL A\/S","article_modified_time":"2025-09-26T05:55:16+00:00","twitter_card":"summary_large_image","twitter_misc":{"\u9884\u8ba1\u9605\u8bfb\u65f6\u95f4":"1 \u5206"},"schema":{"@context":"https:\/\/schema.org","@graph":[{"@type":"WebPage","@id":"https:\/\/akasel.com\/zh-hans\/dealers\/america\/","url":"https:\/\/akasel.com\/zh-hans\/dealers\/america\/","name":"America - AKASEL A\/S","isPartOf":{"@id":"https:\/\/akasel.com\/zh-hans\/#website"},"datePublished":"2020-11-16T19:36:23+00:00","dateModified":"2025-09-26T05:55:16+00:00","breadcrumb":{"@id":"https:\/\/akasel.com\/zh-hans\/dealers\/america\/#breadcrumb"},"inLanguage":"zh-CN","potentialAction":[{"@type":"ReadAction","target":["https:\/\/akasel.com\/zh-hans\/dealers\/america\/"]}]},{"@type":"BreadcrumbList","@id":"https:\/\/akasel.com\/zh-hans\/dealers\/america\/#breadcrumb","itemListElement":[{"@type":"ListItem","position":1,"name":"Home","item":"https:\/\/akasel.com\/zh-hans\/"},{"@type":"ListItem","position":2,"name":"\u53d1\u884c\u4eba","item":"https:\/\/akasel.com\/zh-hans\/dealers\/"},{"@type":"ListItem","position":3,"name":"America"}]},{"@type":"WebSite","@id":"https:\/\/akasel.com\/zh-hans\/#website","url":"https:\/\/akasel.com\/zh-hans\/","name":"AKASEL A\/S","description":"","potentialAction":[{"@type":"SearchAction","target":{"@type":"EntryPoint","urlTemplate":"https:\/\/akasel.com\/zh-hans\/?s={search_term_string}"},"query-input":"required name=search_term_string"}],"inLanguage":"zh-CN"}]}},"_links":{"self":[{"href":"https:\/\/akasel.com\/zh-hans\/wp-json\/wp\/v2\/pages\/8300"}],"collection":[{"href":"https:\/\/akasel.com\/zh-hans\/wp-json\/wp\/v2\/pages"}],"about":[{"href":"https:\/\/akasel.com\/zh-hans\/wp-json\/wp\/v2\/types\/page"}],"author":[{"embeddable":true,"href":"https:\/\/akasel.com\/zh-hans\/wp-json\/wp\/v2\/users\/1"}],"replies":[{"embeddable":true,"href":"https:\/\/akasel.com\/zh-hans\/wp-json\/wp\/v2\/comments?post=8300"}],"version-history":[{"count":3,"href":"https:\/\/akasel.com\/zh-hans\/wp-json\/wp\/v2\/pages\/8300\/revisions"}],"predecessor-version":[{"id":11479,"href":"https:\/\/akasel.com\/zh-hans\/wp-json\/wp\/v2\/pages\/8300\/revisions\/11479"}],"up":[{"embeddable":true,"href":"https:\/\/akasel.com\/zh-hans\/wp-json\/wp\/v2\/pages\/8116"}],"wp:attachment":[{"href":"https:\/\/akasel.com\/zh-hans\/wp-json\/wp\/v2\/media?parent=8300"}],"curies":[{"name":"wp","href":"https:\/\/api.w.org\/{rel}","templated":true}]}}