{"id":8302,"date":"2020-11-16T20:41:14","date_gmt":"2020-11-16T19:41:14","guid":{"rendered":"https:\/\/akasel.com\/dealers\/europe\/"},"modified":"2025-10-14T08:21:40","modified_gmt":"2025-10-14T06:21:40","slug":"europe","status":"publish","type":"page","link":"https:\/\/akasel.com\/zh-hans\/dealers\/europe\/","title":{"rendered":"Europe"},"content":{"rendered":"<h2>Austria<\/h2>\n<h4>Grimas GmbH<\/h4>\n<p>Hauptstra\u00dfe 17, 3012 Wolfsgraben<br \/>\n<a href=\"http:\/\/www.grimas.at\" target=\"_blank\" rel=\"noreferrer noopener\">http:\/\/www.grimas.at<\/a><br \/>\nEmail:\u00a0<a href=\"mailto:office@grimas.at\" target=\"_blank\" rel=\"noreferrer noopener\">office@grimas.at<\/a><br \/>\nPhone: +43 2233 7861-0<\/p>\n<h2>Bulgaria<\/h2>\n<h4>Grimas Balkan Control Ltd.<\/h4>\n<p>Zhk. Malinova dolina 25,\u00a01797 Sofia<br \/>\n<a href=\"http:\/\/www.grimas.bg\/\" target=\"_blank\" rel=\"noreferrer noopener\">www.grimas.bg<\/a><\/p>\n<h2>Czech Republic<\/h2>\n<h4>Metrotest s.r.o.<\/h4>\n<p>T.G. Masaryka 2104, CZ-272 01, Kladno<br \/>\n<a href=\"https:\/\/www.metrotest.cz\/kontakt\/\" target=\"_blank\" rel=\"noreferrer noopener\" data-type=\"URL\" data-id=\"https:\/\/www.metrotest.cz\/kontakt\/\">http:\/\/www.metrotest.cz<\/a><\/p>\n<h2>Denmark<\/h2>\n<h4>Akasel A\/S<\/h4>\n<p>Svogerslev Hovedgade 48, 4000 Roskilde<br \/>\n<a href=\"https:\/\/akasel.com\">https:\/\/akasel.com<\/a><br \/>\nEmail:\u00a0<a href=\"mailto:sales@akasel.com\">sales@akasel.com<\/a><\/p>\n<h2>Finland<\/h2>\n<h4>Finfocus Instruments Oy<\/h4>\n<p>Hiomotie 32, 00380 Helsinki<br \/>\n<a href=\"http:\/\/www.finfocus.fi\/\" target=\"_blank\" rel=\"noreferrer noopener\" data-type=\"URL\" data-id=\"http:\/\/www.finfocus.fi\/\">http:\/\/www.finfocus.fi\/<\/a><br \/>\nEmail:\u00a0<a href=\"mailto:info@finfocus.fi\" target=\"_blank\" rel=\"noopener\">info@finfocus.fi<\/a><br \/>\nPhone: +358 (0)10 328 9980<\/p>\n<h2>France<\/h2>\n<h4>Metallab<\/h4>\n<p>140 Chemin du Creux<br \/>\n69210 Saint-Germain-Nuelles<br \/>\nFrance<\/p>\n<p>Phone: <a href=\"tel:+33779497964\">+33 7 79 49 79 64<\/a><br \/>\nEmail: <a href=\"mailto:loic.cazenave@metallab.fr\">loic.cazenave@metallab.fr<\/a><\/p>\n<h2>Germany<\/h2>\n<h4>Akasel A\/S<\/h4>\n<h4>Dirk Hennemann<\/h4>\n<p><a href=\"https:\/\/akasel.com\/de\/\" target=\"_blank\" rel=\"noreferrer noopener\">https:\/\/akasel.com\/de\/<\/a><br \/>\nEmail:\u00a0<a href=\"mailto:dhe@akasel.com\" target=\"_blank\" rel=\"noreferrer noopener\" data-type=\"mailto\" data-id=\"mailto:dhe@akasel.com\">dhe@akasel.com<\/a><br \/>\nPhone:\u00a0+49 176 84239499<\/p>\n<h2>Greece<\/h2>\n<h4>Applied Laboratory &amp; Engineering Solutions<\/h4>\n<p>Agion Anargiron str. 10, Marusi Athens Greece 151 24.<br \/>\n<a href=\"https:\/\/www.apples.com.gr\/\" target=\"_blank\" rel=\"noreferrer noopener\">https:\/\/www.apples.com.gr<\/a><br \/>\nEmail:\u00a0<a href=\"mailto:info@apples.com.gr\" target=\"_blank\" rel=\"noreferrer noopener\">info@apples.com.gr<\/a><br \/>\nPhone:\u00a0+30 210 7243529\/+30 6979642395<\/p>\n<h2>Hungary<\/h2>\n<h4>Atestor Anyagvizsg\u00e1lat-M\u00e9r\u00e9stechnika Kft<\/h4>\n<p>Reitter Ferenc utca 132\/c, 1131 Budapest<br \/>\n<a href=\"http:\/\/www.atestor.hu\" target=\"_blank\" rel=\"noreferrer noopener\" data-type=\"URL\" data-id=\"www.atestor.hu\">www.atestor.hu<\/a><br \/>\nEmail:\u00a0<a href=\"mailto:info@atestor.hu\" target=\"_blank\" rel=\"noreferrer noopener\">info@atestor.hu<\/a><br \/>\nPhone: +36 13191319<\/p>\n<h2>Ireland<\/h2>\n<h4>Labquip<\/h4>\n<p>12 The Business Centre, Fonthill Industrial Park, Clondalkin, Dublin 22<br \/>\n<a href=\"https:\/\/labquip.ie\/contact-us\/\" target=\"_blank\" rel=\"noreferrer noopener\" data-type=\"URL\" data-id=\"https:\/\/labquip.ie\/contact-us\/\">http:\/\/www.labquip.ie<\/a><br \/>\nEmail:\u00a0<a href=\"mailto:labquip@labquip.ie\">labquip@labquip.ie<\/a><br \/>\nPhone: +353 (0) 1 6434586<\/p>\n<h2>Israel<\/h2>\n<p>For distributor information in Israel, please contact us at\u00a0<a href=\"mailto:sales@akasel.com\">sales@akasel.com<\/a><\/p>\n<h2>Italy<\/h2>\n<h4>Remet s.a.s.<\/h4>\n<p>Via Scarlatti 2, 40033 Casalecchio di Reno<br \/>\n<a href=\"https:\/\/www.remet.it\/contatti\/\" target=\"_blank\" rel=\"noreferrer noopener\" data-type=\"URL\" data-id=\"https:\/\/www.remet.it\/contatti\/\">http:\/\/www.remet.it<\/a><\/p>\n<h2>Norway<\/h2>\n<p>For distributor information in Norway, please contact us at <a href=\"mailto:sales@akasel.com\">sales@akasel.com<\/a><\/p>\n<h2>Poland<\/h2>\n<p>For distributor information in Poland, please contact us at\u00a0<a href=\"mailto:sales@akasel.com\">sales@akasel.com<\/a><\/p>\n<h2>Portugal<\/h2>\n<p>For distributor information in Portugal, please contact us at\u00a0<a href=\"mailto:sales@akasel.com\">sales@akasel.com<\/a><\/p>\n<h2>Romania<\/h2>\n<h4>Grimas Control S.R.L.<\/h4>\n<p>Str. Ciucului 55,\u00a0Sf\u00e2ntu Gheorghe, 520036<br \/>\n<a href=\"https:\/\/www.grimascontrol.ro\/contact.html\" target=\"_blank\" rel=\"noreferrer noopener\" data-type=\"URL\" data-id=\"https:\/\/www.grimascontrol.ro\/contact.html\">www.grimascontrol.ro<\/a><\/p>\n<h2>Slovakia<\/h2>\n<h4>Metrotest s.r.o.<\/h4>\n<p>T.G. Masaryka 2104, CZ-272 01, Kladno<br \/>\n<a href=\"https:\/\/www.metrotest.cz\/kontakt\/\" target=\"_blank\" rel=\"noreferrer noopener\" data-type=\"URL\" data-id=\"https:\/\/www.metrotest.cz\/kontakt\/\">http:\/\/www.metrotest.cz<\/a><\/p>\n<h2>Slovenia<\/h2>\n<h4>Decca d.o.o.<\/h4>\n<p>Brn\u010di\u010deva ulica 11, 1231 Ljubljana &#8211; \u010crnu\u010de<br \/>\n<a href=\"http:\/\/www.decca.si\/\" target=\"_blank\" rel=\"noreferrer noopener\">http:\/\/www.decca.si<\/a><br \/>\nEmail:\u00a0<a href=\"mailto:info@decca.si\" target=\"_blank\" rel=\"noreferrer noopener\">info@decca.si<\/a><br \/>\nPhone:\u00a0+386 1 517 13 97<\/p>\n<h2>Spain<\/h2>\n<p>For distributor information in Spain, please contact us at\u00a0<a href=\"mailto:sales@akasel.com\">sales@akasel.com<\/a><\/p>\n<h2>Sweden<\/h2>\n<h4>iQS<br \/>\nInnovative Quality Solutions<br \/>\nSweden AB<\/h4>\n<p>Email: <a href=\"mailto:info@iqsab.se\" target=\"_blank\" rel=\"noreferrer noopener\">info@iqsab.se<\/a><br \/>\nPhone: +46 73 334 60 81<\/p>\n<h2>Turkey<\/h2>\n<h4>Mikrotest End\u00fcstri Cihazlar\u0131 Pazarlama Sanayi ve Ticaret Ltd. \u015eti<\/h4>\n<p>Yal\u0131 Mah.Mare\u015fal Fevzi \u00c7akmak Cad.No:50\/25, 34844 Maltepe-\u0130stanbul<br \/>\n<a href=\"https:\/\/www.mikrotest.com.tr\/tr\/iletisim\" target=\"_blank\" rel=\"noreferrer noopener\" data-type=\"URL\" data-id=\"https:\/\/www.mikrotest.com.tr\/tr\/iletisim\">http:\/\/www.mikrotest.com.tr<\/a><br \/>\nEmail:\u00a0<a href=\"mailto:info@mikrotest.com.tr\">info@mikrotest.com.tr<\/a><br \/>\nPhone:\u00a0+90 216 577 6909<\/p>\n<h2>UK<\/h2>\n<h4>Aptex<\/h4>\n<p>Patrick Farm Barns, Meriden Road, Hampton-in-Arden, Solihull, West Midlands, B92 0LT<br \/>\n<a href=\"https:\/\/www.aptex.co.uk\/contact-aptex.html\" target=\"_blank\" rel=\"noreferrer noopener\" data-type=\"URL\" data-id=\"https:\/\/www.aptex.co.uk\/contact-aptex.html\">https:\/\/www.aptex.co.uk<\/a><\/p>\n<h2>Ukraine<\/h2>\n<h4>LLC \u00abChemlaborreaktiv\u00bb<\/h4>\n<p>8 Schelkovskaya str., Brovary, 07400, Kiev region, Ukraine<br \/>\n<a href=\"https:\/\/www.hlr.ua\/kontakty\" target=\"_blank\" rel=\"noreferrer noopener\" data-type=\"URL\" data-id=\"https:\/\/www.hlr.ua\/kontakty\">http:\/\/www.hlr.ua<\/a><\/p>\n","protected":false},"excerpt":{"rendered":"<p>Austria Grimas GmbH &#8230;<\/p>\n","protected":false},"author":1,"featured_media":0,"parent":8116,"menu_order":0,"comment_status":"closed","ping_status":"open","template":"","meta":{"footnotes":""},"class_list":["post-8302","page","type-page","status-publish","hentry"],"acf":[],"yoast_head":"<!-- This site is optimized with the Yoast SEO plugin v21.7 - https:\/\/yoast.com\/wordpress\/plugins\/seo\/ -->\n<title>Europe - AKASEL A\/S<\/title>\n<meta name=\"robots\" content=\"index, follow, max-snippet:-1, max-image-preview:large, max-video-preview:-1\" \/>\n<link rel=\"canonical\" href=\"https:\/\/akasel.com\/zh-hans\/dealers\/europe\/\" \/>\n<meta property=\"og:locale\" content=\"zh_CN\" \/>\n<meta property=\"og:type\" content=\"article\" \/>\n<meta property=\"og:title\" content=\"Europe - AKASEL A\/S\" \/>\n<meta property=\"og:description\" content=\"Austria Grimas GmbH ...\" \/>\n<meta property=\"og:url\" content=\"https:\/\/akasel.com\/zh-hans\/dealers\/europe\/\" \/>\n<meta property=\"og:site_name\" content=\"AKASEL A\/S\" \/>\n<meta property=\"article:modified_time\" content=\"2025-10-14T06:21:40+00:00\" \/>\n<meta name=\"twitter:card\" content=\"summary_large_image\" \/>\n<meta name=\"twitter:label1\" content=\"\u9884\u8ba1\u9605\u8bfb\u65f6\u95f4\" \/>\n\t<meta name=\"twitter:data1\" content=\"2 \u5206\" \/>\n<!-- \/ Yoast SEO plugin. -->","yoast_head_json":{"title":"Europe - AKASEL A\/S","robots":{"index":"index","follow":"follow","max-snippet":"max-snippet:-1","max-image-preview":"max-image-preview:large","max-video-preview":"max-video-preview:-1"},"canonical":"https:\/\/akasel.com\/zh-hans\/dealers\/europe\/","og_locale":"zh_CN","og_type":"article","og_title":"Europe - AKASEL A\/S","og_description":"Austria Grimas GmbH ...","og_url":"https:\/\/akasel.com\/zh-hans\/dealers\/europe\/","og_site_name":"AKASEL A\/S","article_modified_time":"2025-10-14T06:21:40+00:00","twitter_card":"summary_large_image","twitter_misc":{"\u9884\u8ba1\u9605\u8bfb\u65f6\u95f4":"2 \u5206"},"schema":{"@context":"https:\/\/schema.org","@graph":[{"@type":"WebPage","@id":"https:\/\/akasel.com\/zh-hans\/dealers\/europe\/","url":"https:\/\/akasel.com\/zh-hans\/dealers\/europe\/","name":"Europe - AKASEL A\/S","isPartOf":{"@id":"https:\/\/akasel.com\/zh-hans\/#website"},"datePublished":"2020-11-16T19:41:14+00:00","dateModified":"2025-10-14T06:21:40+00:00","breadcrumb":{"@id":"https:\/\/akasel.com\/zh-hans\/dealers\/europe\/#breadcrumb"},"inLanguage":"zh-CN","potentialAction":[{"@type":"ReadAction","target":["https:\/\/akasel.com\/zh-hans\/dealers\/europe\/"]}]},{"@type":"BreadcrumbList","@id":"https:\/\/akasel.com\/zh-hans\/dealers\/europe\/#breadcrumb","itemListElement":[{"@type":"ListItem","position":1,"name":"Home","item":"https:\/\/akasel.com\/zh-hans\/"},{"@type":"ListItem","position":2,"name":"\u53d1\u884c\u4eba","item":"https:\/\/akasel.com\/zh-hans\/dealers\/"},{"@type":"ListItem","position":3,"name":"Europe"}]},{"@type":"WebSite","@id":"https:\/\/akasel.com\/zh-hans\/#website","url":"https:\/\/akasel.com\/zh-hans\/","name":"AKASEL A\/S","description":"","potentialAction":[{"@type":"SearchAction","target":{"@type":"EntryPoint","urlTemplate":"https:\/\/akasel.com\/zh-hans\/?s={search_term_string}"},"query-input":"required name=search_term_string"}],"inLanguage":"zh-CN"}]}},"_links":{"self":[{"href":"https:\/\/akasel.com\/zh-hans\/wp-json\/wp\/v2\/pages\/8302"}],"collection":[{"href":"https:\/\/akasel.com\/zh-hans\/wp-json\/wp\/v2\/pages"}],"about":[{"href":"https:\/\/akasel.com\/zh-hans\/wp-json\/wp\/v2\/types\/page"}],"author":[{"embeddable":true,"href":"https:\/\/akasel.com\/zh-hans\/wp-json\/wp\/v2\/users\/1"}],"replies":[{"embeddable":true,"href":"https:\/\/akasel.com\/zh-hans\/wp-json\/wp\/v2\/comments?post=8302"}],"version-history":[{"count":15,"href":"https:\/\/akasel.com\/zh-hans\/wp-json\/wp\/v2\/pages\/8302\/revisions"}],"predecessor-version":[{"id":11577,"href":"https:\/\/akasel.com\/zh-hans\/wp-json\/wp\/v2\/pages\/8302\/revisions\/11577"}],"up":[{"embeddable":true,"href":"https:\/\/akasel.com\/zh-hans\/wp-json\/wp\/v2\/pages\/8116"}],"wp:attachment":[{"href":"https:\/\/akasel.com\/zh-hans\/wp-json\/wp\/v2\/media?parent=8302"}],"curies":[{"name":"wp","href":"https:\/\/api.w.org\/{rel}","templated":true}]}}